{"id":6648,"date":"2020-04-20T11:51:15","date_gmt":"2020-04-20T11:51:15","guid":{"rendered":"https:\/\/dreamstyle.photos\/?page_id=6648"},"modified":"2025-04-08T11:16:56","modified_gmt":"2025-04-08T11:16:56","slug":"impressum","status":"publish","type":"page","link":"https:\/\/clicksell-photos.de\/en\/impressum\/","title":{"rendered":"Imprint"},"content":{"rendered":"<div class=\"wpb-content-wrapper\"><div class=\"vc-row-container container\"><div class=\"vc_row wpb_row vc_row-fluid\"><div class=\"wpb_column vc_column_container vc_col-sm-12\"><div class=\"vc_column-inner\"><div class=\"wpb_wrapper\">\n\t<div class=\"wpb_text_column wpb_content_element\" >\n\t\t<div class=\"wpb_wrapper\">\n\t\t\t<h1>Imprint<\/h1>\n<p>Felix Zimmermann<br \/>\nAm S\u00fclzhof 16<br \/>\n41542 Dormagen<\/p>\n<p>&nbsp;<\/p>\n<h2>Kontakt:<\/h2>\n<table width=\"442\">\n<tbody>\n<tr>\n<td>Telefon:<\/td>\n<td>0173 8211780<\/td>\n<\/tr>\n<tr>\n<td>E-Mail:<\/td>\n<td>mail ( at ) clicksell-photos.de<\/td>\n<\/tr>\n<\/tbody>\n<\/table>\n<p>&nbsp;<\/p>\n<h2>Redaktionell verantwortlich:<\/h2>\n<p>Felix Zimmermann, Am S\u00fclzhof 16, 41542 Dormagen<\/p>\n<h3><\/h3>\n<h2>Disclaimer<\/h2>\n<h3><strong>Liability for contents<\/strong><\/h3>\n<p>As a service provider, we are responsible for our own content on these pages in accordance with general legislation pursuant to Section 7 (1) of the German Telemedia Act (TMG). According to \u00a7\u00a7 8 to 10 TMG, however, we are not obligated as a service provider to monitor transmitted or stored third-party information or to investigate circumstances that indicate illegal activity. Obligations to remove or block the use of information under the general laws remain unaffected. However, liability in this regard is only possible from the point in time at which a concrete infringement of the law becomes known. If we become aware of any such infringements, we will remove this content immediately.<\/p>\n<h3><strong>Liability for links<\/strong><\/h3>\n<p>Unser Angebot enth\u00e4lt Links zu externen Webseiten Dritter, auf deren Inhalte wir keinen Einfluss haben. Deshalb k\u00f6nnen wir f\u00fcr diese fremden Inhalte auch keine Gew\u00e4hr \u00fcbernehmen. F\u00fcr die Inhalte der verlinkten Seiten ist stets der jeweilige Anbieter oder Betreiber der Seiten verantwortlich. Die verlinkten Seiten wurden zum Zeitpunkt der Verlinkung auf m\u00f6gliche Rechtsverst\u00f6\u00dfe \u00fcberpr\u00fcft. Rechtswidrige Inhalte waren zum Zeitpunkt der Verlinkung nicht erkennbar. Eine permanente inhaltliche Kontrolle der verlinkten Seiten ist jedoch ohne konkrete Anhaltspunkte einer Rechtsverletzung nicht zumutbar. Bei Bekanntwerden von Rechtsverletzungen werden wir derartige Links umgehend entfernen. Mit Urteil vom 12.Mai 1998 hat das LG Hamburg entschieden, dass man durch die Ausbringung eines Links die Inhalte der gelinkten Seite ggf. mit zu verantworten hat. Dies kann, so das LG, nur dadurch verhindert werden, dass man sich ausdr\u00fccklich von diesen Inhalten distanziert. Wir haben auf unseren Seiten Links zu Seiten im Internet gelegt, deren Inhalt und Aktualisierung nicht dem Einflussbereich von clicksell-photos.de unterliegen. F\u00fcr alle diese Links gilt:<\/p>\n<p>\u201cclicksell-photos.de hat keinen Einfluss auf Gestaltung und Inhalte fremder Internetseiten. Wir distanzieren uns daher von allen fremden Inhalten, auch wenn von Webseiten von clicksell-photos.de auf diese externe Seiten ein Link gesetzt wurde.\u201d<\/p>\n<p>This declaration applies to all links displayed on the homepage and to all contents of the pages to which banners and links lead.<\/p>\n<h3><strong>Copyright<\/strong><\/h3>\n<p>The content and works created by the site operators on these pages are subject to German copyright law. The reproduction, editing, distribution and any kind of exploitation outside the limits of copyright require the written consent of the respective author or creator. Downloads and copies of this site are NOT permitted for private, non-commercial or commercial use. Insofar as the content on this site was not created by the operator, the copyrights of third parties are respected. In particular, third-party content is identified as such. Should you nevertheless become aware of a copyright infringement, please inform us accordingly. If we become aware of any infringements, we will remove such content immediately.<\/p>\n<h3><strong>Trademarks<\/strong><\/h3>\n<p>All trademarks, product names and company names or logos cited on this website are the sole property of their respective owners. They serve only as an application reference.<\/p>\n<h3><strong>Legal validity<\/strong><\/h3>\n<p>Dieser Haftungsausschluss ist Teil des Internetangebotes von anime-cooking.de. Sofern einzelne Formulierungen oder Teile dieses Textes der geltenden Rechtslage nicht mehr oder nicht mehr vollst\u00e4ndig entsprechen, bleiben die \u00fcbrigen Teile dieser Erkl\u00e4rung davon unber\u00fchrt.<\/p>\n\n\t\t<\/div>\n\t<\/div>\n<\/div><\/div><\/div><\/div><\/div>\n<\/div>","protected":false},"excerpt":{"rendered":"Impressum Felix Zimmermann Am S\u00fclzhof 16 41542 Dormagen &nbsp; Kontakt: Telefon: 0173 8211780 E-Mail: mail ( at ) clicksell-photos.de &nbsp; Redaktionell verantwortlich: Felix Zimmermann, Am S\u00fclzhof 16, 41542 Dormagen Haftungsausschluss (Disclaimer) Haftung f\u00fcr Inhalte Als Diensteanbieter sind wir gem\u00e4\u00df \u00a7 7 Abs.1 TMG f\u00fcr eigene Inhalte auf diesen Seiten nach den allgemeinen Gesetzen verantwortlich. Nach&hellip;","protected":false},"author":1,"featured_media":0,"parent":0,"menu_order":0,"comment_status":"closed","ping_status":"closed","template":"","meta":{"_acf_changed":false,"footnotes":""},"class_list":["post-6648","page","type-page","status-publish","hentry"],"acf":[],"_links":{"self":[{"href":"https:\/\/clicksell-photos.de\/en\/wp-json\/wp\/v2\/pages\/6648","targetHints":{"allow":["GET"]}}],"collection":[{"href":"https:\/\/clicksell-photos.de\/en\/wp-json\/wp\/v2\/pages"}],"about":[{"href":"https:\/\/clicksell-photos.de\/en\/wp-json\/wp\/v2\/types\/page"}],"author":[{"embeddable":true,"href":"https:\/\/clicksell-photos.de\/en\/wp-json\/wp\/v2\/users\/1"}],"replies":[{"embeddable":true,"href":"https:\/\/clicksell-photos.de\/en\/wp-json\/wp\/v2\/comments?post=6648"}],"version-history":[{"count":4,"href":"https:\/\/clicksell-photos.de\/en\/wp-json\/wp\/v2\/pages\/6648\/revisions"}],"predecessor-version":[{"id":8144,"href":"https:\/\/clicksell-photos.de\/en\/wp-json\/wp\/v2\/pages\/6648\/revisions\/8144"}],"wp:attachment":[{"href":"https:\/\/clicksell-photos.de\/en\/wp-json\/wp\/v2\/media?parent=6648"}],"curies":[{"name":"wp","href":"https:\/\/api.w.org\/{rel}","templated":true}]}}