{"id":7160,"date":"2020-05-17T09:24:43","date_gmt":"2020-05-17T09:24:43","guid":{"rendered":"https:\/\/dreamstyle.photos\/?page_id=7160"},"modified":"2021-02-27T09:22:35","modified_gmt":"2021-02-27T09:22:35","slug":"blog","status":"publish","type":"page","link":"https:\/\/clicksell-photos.de\/en\/blog\/","title":{"rendered":"Blog"},"content":{"rendered":"<div class=\"wpb-content-wrapper\"><div class=\"vc-row-container container\"><div id=\"nach_oben_schieben\" class=\"vc_row wpb_row vc_row-fluid vc_custom_1590084571721 vc_row-has-fill vc_row-o-content-top vc_row-flex\"><div class=\"wpb_column vc_column_container vc_col-sm-12\"><div class=\"vc_column-inner\"><div class=\"wpb_wrapper\"><div class=\"vc_empty_space\"   style=\"height: 500px\"><span class=\"vc_empty_space_inner\"><\/span><\/div><\/div><\/div><\/div><\/div><\/div><div class=\"vc-row-container container\"><div class=\"vc_row wpb_row vc_row-fluid\"><div class=\"wpb_column vc_column_container vc_col-sm-12\"><div class=\"vc_column-inner\"><div class=\"wpb_wrapper\"><div class=\"kalium-wpb-blog-posts\"><style data-inline-style>#blog-posts-wpb-1 {--k-post-item-border-width: 1px;--k-post-item-border-style: solid;--k-post-item-border-color: var(--k-color-8);--k-post-item-padding: var(--k-content-spacing-2);}<\/style>\n<style data-inline-style>.blog-posts-wpb-1 {--k-post-item-image-width: 25%;--k-post-item-image-placeholder-bg: var(--k-border-color);--k-post-item-hover-layer-bg: rgba(var(--k-color-1-rgb), 0.9);--k-post-item-hover-layer-offset: 0px;--k-post-item-image-placeholder-bg-rgb: var(--k-border-color-rgb);--k-post-item-hover-layer-bg-rgb: var(--k-color-1-rgb);}@media (max-width: 768px) {.blog-posts-wpb-1 {--k-post-item-image-width: 100%;}}<\/style>\n<style data-inline-style=\"blog-post-style-styles\">.blog-posts {--k-post-item-title: var(--k-heading-color);--k-post-item-text: var(--k-body-color);}<\/style>\n<ul id=\"blog-posts-wpb-1\" class=\"blog-posts grid blog-posts-wpb-1 columns-1 columns-md-2 columns-xl-1 blog-posts--list blog-posts--boundless-image\">\n\t\n\t<li id=\"post-6212\" class=\"post post-6212 type-post status-publish format-standard has-post-thumbnail hentry category-blog\">\n\n\t<article class=\"post-item\">\n\t\t\n\t\t<div class=\"post-thumbnail\">\n\t\n\t\n\t\t\t\t<a href=\"https:\/\/clicksell-photos.de\/en\/guide-datensicherheit-digitale-fotografie\/\" target=\"\" aria-label=\"Guide: Datensicherheit &#8211; digitale Fotografie\">\n\t\t\t\t<span class=\"image-placeholder\" style=\"--k-ratio:1.434783\"><img decoding=\"async\" width=\"330\" height=\"230\" src=\"https:\/\/clicksell-photos.de\/wp-content\/uploads\/2018\/07\/vorschau_datensicherheit_guide_blog_fotograf_dormagen.jpg\" class=\"attachment-468x328 size-468x328\" alt=\"Datensicherheit Guide Blog Fotograf Dormagen\" \/><\/span>\t\t\t<\/a>\n\t\t\t\t\n\t<div class=\"post-hover\">\n\t\n\t<span class=\"hover-icon basic\"><i class=\"kalium-icon-eye\"><\/i><\/span>\t\n<\/div>\n<div class=\"post-format-icon\" data-valign=\"\" data-halign=\"\">\n\t<i class=\"icon kalium-icon-blog-post-default\"><\/i>\n<\/div>\n\t\n<\/div>\n\t\t\n\t\t<div class=\"post-details\">\n\t\t\t\n\t\t\t<h3 class=\"entry-title post-title link-plain\"><a href=\"https:\/\/clicksell-photos.de\/en\/guide-datensicherheit-digitale-fotografie\/\" target=\"\" rel=\"bookmark\">Guide: Datensicherheit &#8211; digitale Fotografie<\/a><\/h3>\t\t\t<div class=\"post-excerpt entry-summary\">\n\t\t\t\tzur\u00fcck zur \u00dcbersicht Heute m\u00f6chte ich euch ein wenig \u00fcber das wichtige Thema Datensicherheit erz\u00e4hlen. Gerade heute, wo wir digital fotografieren, entstehen unglaubliche Datenmengen. Der&hellip;\t\t\t<\/div>\n\t\t\t<div class=\"entry-meta\">\t\t\t<div class=\"post-meta date updated published\">\n\t\t\t\t\t\t\t\t\t<i class=\"kalium-icon-blog-post-date\"><\/i>\n\t\t\t\t\n\t\t\t\t<span>22. July 2018<\/span>\n\t\t\t<\/div>\n\t\t\t<\/div>\t\t\t\n\t\t<\/div>\n\t\t\n\t\t\t\t\n\t<\/article>\n\t\n<\/li>\n\t\n<\/ul>\n<\/div><\/div><\/div><\/div><\/div><\/div>\n<\/div>","protected":false},"excerpt":{"rendered":"zur\u00fcck zur \u00dcbersicht Heute m\u00f6chte ich euch ein wenig \u00fcber das wichtige Thema Datensicherheit erz\u00e4hlen. Gerade heute, wo wir digital fotografieren, entstehen unglaubliche Datenmengen. Der&hellip;","protected":false},"author":1,"featured_media":0,"parent":0,"menu_order":0,"comment_status":"closed","ping_status":"closed","template":"","meta":{"_acf_changed":false,"footnotes":""},"class_list":["post-7160","page","type-page","status-publish","hentry"],"acf":[],"_links":{"self":[{"href":"https:\/\/clicksell-photos.de\/en\/wp-json\/wp\/v2\/pages\/7160","targetHints":{"allow":["GET"]}}],"collection":[{"href":"https:\/\/clicksell-photos.de\/en\/wp-json\/wp\/v2\/pages"}],"about":[{"href":"https:\/\/clicksell-photos.de\/en\/wp-json\/wp\/v2\/types\/page"}],"author":[{"embeddable":true,"href":"https:\/\/clicksell-photos.de\/en\/wp-json\/wp\/v2\/users\/1"}],"replies":[{"embeddable":true,"href":"https:\/\/clicksell-photos.de\/en\/wp-json\/wp\/v2\/comments?post=7160"}],"version-history":[{"count":0,"href":"https:\/\/clicksell-photos.de\/en\/wp-json\/wp\/v2\/pages\/7160\/revisions"}],"wp:attachment":[{"href":"https:\/\/clicksell-photos.de\/en\/wp-json\/wp\/v2\/media?parent=7160"}],"curies":[{"name":"wp","href":"https:\/\/api.w.org\/{rel}","templated":true}]}}