{"id":7182,"date":"2020-05-17T09:53:20","date_gmt":"2020-05-17T09:53:20","guid":{"rendered":"https:\/\/dreamstyle.photos\/?page_id=7182"},"modified":"2021-01-28T08:03:04","modified_gmt":"2021-01-28T08:03:04","slug":"events","status":"publish","type":"page","link":"https:\/\/clicksell-photos.de\/en\/events\/","title":{"rendered":"Events"},"content":{"rendered":"<div class=\"wpb-content-wrapper\"><div class=\"vc-row-container container\"><div id=\"nach_oben_schieben\" class=\"vc_row wpb_row vc_row-fluid vc_custom_1590084550336 vc_row-has-fill vc_row-o-content-top vc_row-flex\"><div class=\"wpb_column vc_column_container vc_col-sm-12\"><div class=\"vc_column-inner\"><div class=\"wpb_wrapper\"><div class=\"vc_empty_space\"   style=\"height: 500px\"><span class=\"vc_empty_space_inner\"><\/span><\/div><\/div><\/div><\/div><\/div><\/div><div class=\"vc-row-container container\"><div class=\"vc_row wpb_row vc_row-fluid\"><div class=\"wpb_column vc_column_container vc_col-sm-12\"><div class=\"vc_column-inner\"><div class=\"wpb_wrapper\"><div class=\"kalium-wpb-blog-posts\"><style data-inline-style>#blog-posts-wpb-1 {--k-post-item-border-width: 1px;--k-post-item-border-style: solid;--k-post-item-border-color: var(--k-color-8);--k-post-item-padding: var(--k-content-spacing-2);}<\/style>\n<style data-inline-style>.blog-posts-wpb-1 {--k-post-item-image-width: 25%;--k-post-item-image-placeholder-bg: var(--k-border-color);--k-post-item-hover-layer-bg: rgba(var(--k-color-1-rgb), 0.9);--k-post-item-hover-layer-offset: 0px;--k-post-item-image-placeholder-bg-rgb: var(--k-border-color-rgb);--k-post-item-hover-layer-bg-rgb: var(--k-color-1-rgb);}@media (max-width: 768px) {.blog-posts-wpb-1 {--k-post-item-image-width: 100%;}}<\/style>\n<style data-inline-style=\"blog-post-style-styles\">.blog-posts {--k-post-item-title: var(--k-heading-color);--k-post-item-text: var(--k-body-color);}<\/style>\n<ul id=\"blog-posts-wpb-1\" class=\"blog-posts grid blog-posts-wpb-1 columns-1 columns-md-2 columns-xl-1 blog-posts--list blog-posts--boundless-image\">\n\t\n\t<li id=\"post-6413\" class=\"post post-6413 type-post status-publish format-standard has-post-thumbnail hentry category-events\">\n\n\t<article class=\"post-item\">\n\t\t\n\t\t<div class=\"post-thumbnail\">\n\t\n\t\n\t\t\t\t<a href=\"https:\/\/clicksell-photos.de\/en\/roadtrip-2019\/\" target=\"\" aria-label=\"RoadTrip 2021\">\n\t\t\t\t<span class=\"image-placeholder\" style=\"--k-ratio:1.434783\"><img decoding=\"async\" width=\"330\" height=\"230\" src=\"https:\/\/clicksell-photos.de\/wp-content\/uploads\/2020\/04\/vorschau_event_blog_fotograf_dormagen-1.jpg\" class=\"attachment-468x328 size-468x328\" alt=\"Event Blog Fotograf Dormagen\" \/><\/span>\t\t\t<\/a>\n\t\t\t\t\n\t<div class=\"post-hover\">\n\t\n\t<span class=\"hover-icon basic\"><i class=\"kalium-icon-eye\"><\/i><\/span>\t\n<\/div>\n<div class=\"post-format-icon\" data-valign=\"\" data-halign=\"\">\n\t<i class=\"icon kalium-icon-blog-post-default\"><\/i>\n<\/div>\n\t\n<\/div>\n\t\t\n\t\t<div class=\"post-details\">\n\t\t\t\n\t\t\t<h3 class=\"entry-title post-title link-plain\"><a href=\"https:\/\/clicksell-photos.de\/en\/roadtrip-2019\/\" target=\"\" rel=\"bookmark\">RoadTrip 2021<\/a><\/h3>\t\t\t<div class=\"post-excerpt entry-summary\">\n\t\t\t\tzur\u00fcck zur \u00dcbersicht Um an den erfolgreichen RoadTrip 2017 anzukn\u00fcpfen ist f\u00fcr 2019\/2020 ein neuer RoadTrip geplant. Was ist der Dreamstyle RoadTrip? Dabei fahre einige&hellip;\t\t\t<\/div>\n\t\t\t<div class=\"entry-meta\">\t\t\t<div class=\"post-meta date updated published\">\n\t\t\t\t\t\t\t\t\t<i class=\"kalium-icon-blog-post-date\"><\/i>\n\t\t\t\t\n\t\t\t\t<span>20. January 2020<\/span>\n\t\t\t<\/div>\n\t\t\t<\/div>\t\t\t\n\t\t<\/div>\n\t\t\n\t\t\t\t\n\t<\/article>\n\t\n<\/li>\n<li id=\"post-6232\" class=\"post post-6232 type-post status-publish format-standard has-post-thumbnail hentry category-events\">\n\n\t<article class=\"post-item\">\n\t\t\n\t\t<div class=\"post-thumbnail\">\n\t\n\t\n\t\t\t\t<a href=\"https:\/\/clicksell-photos.de\/en\/roadtrip-2017\/\" target=\"\" aria-label=\"RoadTrip 2017\">\n\t\t\t\t<span class=\"image-placeholder\" style=\"--k-ratio:1.428571\"><img decoding=\"async\" width=\"400\" height=\"280\" src=\"https:\/\/clicksell-photos.de\/wp-content\/uploads\/2018\/07\/Vorschau_RoadTrip_2017_Events_Fotograf_Dormagen.jpg\" class=\"attachment-468x328 size-468x328\" alt=\"\" \/><\/span>\t\t\t<\/a>\n\t\t\t\t\n\t<div class=\"post-hover\">\n\t\n\t<span class=\"hover-icon basic\"><i class=\"kalium-icon-eye\"><\/i><\/span>\t\n<\/div>\n<div class=\"post-format-icon\" data-valign=\"\" data-halign=\"\">\n\t<i class=\"icon kalium-icon-blog-post-default\"><\/i>\n<\/div>\n\t\n<\/div>\n\t\t\n\t\t<div class=\"post-details\">\n\t\t\t\n\t\t\t<h3 class=\"entry-title post-title link-plain\"><a href=\"https:\/\/clicksell-photos.de\/en\/roadtrip-2017\/\" target=\"\" rel=\"bookmark\">RoadTrip 2017<\/a><\/h3>\t\t\t<div class=\"post-excerpt entry-summary\">\n\t\t\t\tzur\u00fcck zur \u00dcbersicht Der RoadTrip 2017, war der erste Event dieser Art, den ich so probiert habe. Es ging darum, dass ich ein paar Tage&hellip;\t\t\t<\/div>\n\t\t\t<div class=\"entry-meta\">\t\t\t<div class=\"post-meta date updated published\">\n\t\t\t\t\t\t\t\t\t<i class=\"kalium-icon-blog-post-date\"><\/i>\n\t\t\t\t\n\t\t\t\t<span>31. July 2018<\/span>\n\t\t\t<\/div>\n\t\t\t<\/div>\t\t\t\n\t\t<\/div>\n\t\t\n\t\t\t\t\n\t<\/article>\n\t\n<\/li>\n\t\n<\/ul>\n<\/div><\/div><\/div><\/div><\/div><\/div>\n<\/div>","protected":false},"excerpt":{"rendered":"zur\u00fcck zur \u00dcbersicht Um an den erfolgreichen RoadTrip 2017 anzukn\u00fcpfen ist f\u00fcr 2019\/2020 ein neuer RoadTrip geplant. Was ist der Dreamstyle RoadTrip? Dabei fahre einige&hellip;","protected":false},"author":1,"featured_media":0,"parent":0,"menu_order":0,"comment_status":"closed","ping_status":"closed","template":"","meta":{"_acf_changed":false,"footnotes":""},"class_list":["post-7182","page","type-page","status-publish","hentry"],"acf":[],"_links":{"self":[{"href":"https:\/\/clicksell-photos.de\/en\/wp-json\/wp\/v2\/pages\/7182","targetHints":{"allow":["GET"]}}],"collection":[{"href":"https:\/\/clicksell-photos.de\/en\/wp-json\/wp\/v2\/pages"}],"about":[{"href":"https:\/\/clicksell-photos.de\/en\/wp-json\/wp\/v2\/types\/page"}],"author":[{"embeddable":true,"href":"https:\/\/clicksell-photos.de\/en\/wp-json\/wp\/v2\/users\/1"}],"replies":[{"embeddable":true,"href":"https:\/\/clicksell-photos.de\/en\/wp-json\/wp\/v2\/comments?post=7182"}],"version-history":[{"count":0,"href":"https:\/\/clicksell-photos.de\/en\/wp-json\/wp\/v2\/pages\/7182\/revisions"}],"wp:attachment":[{"href":"https:\/\/clicksell-photos.de\/en\/wp-json\/wp\/v2\/media?parent=7182"}],"curies":[{"name":"wp","href":"https:\/\/api.w.org\/{rel}","templated":true}]}}