{"id":7241,"date":"2021-03-05T12:26:07","date_gmt":"2021-03-05T12:26:07","guid":{"rendered":"https:\/\/dreamstyle.photos\/?page_id=7241"},"modified":"2021-03-08T07:02:34","modified_gmt":"2021-03-08T07:02:34","slug":"about","status":"publish","type":"page","link":"https:\/\/clicksell-photos.de\/en\/about\/","title":{"rendered":"Wie arbeite ich? &#8211; Ablauf, Beispiele &#038; Informationen"},"content":{"rendered":"<div class=\"wpb-content-wrapper\"><div class=\"vc-row-container container\"><div id=\"nach_oben_schieben\" class=\"vc_row wpb_row vc_row-fluid vc_custom_1590835841869 vc_row-has-fill vc_row-o-content-top vc_row-flex\"><div class=\"wpb_column vc_column_container vc_col-sm-12\"><div class=\"vc_column-inner\"><div class=\"wpb_wrapper\"><div class=\"vc_empty_space\"   style=\"height: 620px\"><span class=\"vc_empty_space_inner\"><\/span><\/div><\/div><\/div><\/div><\/div><\/div><div class=\"vc-row-container container\"><div class=\"vc_row wpb_row vc_row-fluid\"><div class=\"wpb_column vc_column_container vc_col-sm-12\"><div class=\"vc_column-inner\"><div class=\"wpb_wrapper\"><div class=\"vc_empty_space\"   style=\"height: 50px\"><span class=\"vc_empty_space_inner\"><\/span><\/div>\n\t<div class=\"wpb_text_column wpb_content_element\" >\n\t\t<div class=\"wpb_wrapper\">\n\t\t\t<h2><strong>Wie arbeite ich? &#8211; Ablauf, Beispiele &amp; Informationen<\/strong><\/h2>\n\n\t\t<\/div>\n\t<\/div>\n\n\t<div class=\"wpb_text_column wpb_content_element felix_bullets\" >\n\t\t<div class=\"wpb_wrapper\">\n\t\t\t<p>Weiter unten auf der Seite habe ich auch eine<strong> FAQ-BOX<\/strong> mit <strong>&#8222;H\u00e4ufigen Fragen und direkten Antworten!&#8220;<\/strong>. F\u00fcr diejenigen, die auf diese Seite gekommen sind um nur diese Antworten zu sehen, hier sind die direkten Links:<\/p>\n<ul>\n<li><a href=\"#link1\">Was kostet ein guter Fotograf pro Stunde?<\/a><\/li>\n<li><a href=\"#link2\">Wann sollte ich einen Fotografen f\u00fcr eine Hochzeit \/ Event buchen?<\/a><\/li>\n<li><a href=\"#link3\">Wie lange sollte ich einen Hochzeitsfotografen buchen?<\/a><\/li>\n<li><a href=\"#link4\">Was kostet ein guter Hochzeitsfotograf?<\/a><\/li>\n<li><a href=\"#link5\">Kann ich ein Mehlshooting \u00fcberall machen?<\/a><\/li>\n<\/ul>\n\n\t\t<\/div>\n\t<\/div>\n<div class=\"vc_empty_space\"   style=\"height: 50px\"><span class=\"vc_empty_space_inner\"><\/span><\/div>\n\t<div class=\"wpb_text_column wpb_content_element felix_bullets\" >\n\t\t<div class=\"wpb_wrapper\">\n\t\t\t<p>F\u00fcr alle anderen, geht es erst einmal hier weiter. \ud83d\ude42 Da ich in vielen Bereichen t\u00e4tig bin, ist es vielleicht ganz gut hier einmal zu erkl\u00e4ren, wie ich arbeite und was ich so mache. Ganz gleich, f\u00fcr welches Themengebiet meiner Arbeit du dich entscheidest.<\/p>\n<p>Einige Dinge sind immer gleich:<\/p>\n<ul>\n<li>Strategie-Gespr\u00e4ch (Was stellst du dir vor?)<\/li>\n<li>Kalkulation (Ich mache dir ein Angebot, was das ganze kostet.)<\/li>\n<li>Vorbereitung (Da mache ich alles, um deine Vorstellungen zu erf\u00fcllen.)<\/li>\n<li>Shooting (Das Shooting selber darf nat\u00fcrlich nicht fehlen.)<\/li>\n<li>Nachbearbeitung (Optimierung der Fotos.)<\/li>\n<li>Lieferung (Du erh\u00e4ltst deine Fotos.)<\/li>\n<\/ul>\n\n\t\t<\/div>\n\t<\/div>\n<div class=\"vc_empty_space\"   style=\"height: 50px\"><span class=\"vc_empty_space_inner\"><\/span><\/div><\/div><\/div><\/div><\/div><\/div><div class=\"vc-row-container container\"><div class=\"vc_row wpb_row vc_row-fluid\"><div class=\"wpb_column vc_column_container vc_col-sm-12\"><div class=\"vc_column-inner\"><div class=\"wpb_wrapper\"><div class=\"vc_row wpb_row vc_inner vc_row-fluid\"><div class=\"wpb_column vc_column_container vc_col-sm-8\"><div class=\"vc_column-inner\"><div class=\"wpb_wrapper\">\n\t<div class=\"wpb_text_column wpb_content_element felix_bullets\" >\n\t\t<div class=\"wpb_wrapper\">\n\t\t\t<h2 style=\"font-size: 22px;\"><strong>Was ist anders bei einem Actionshooting?<\/strong><\/h2>\n<p>Bei einem Actionshooting ist nat\u00fcrlich die Vorbereitung ein wenig gr\u00f6\u00dfer. Denn es gibt hier oft viele Faktoren zu ber\u00fccksichtigen. Aber keine Sorge auch hier finden wir zusammen einen Weg!<\/p>\n\n\t\t<\/div>\n\t<\/div>\n<\/div><\/div><\/div><div class=\"wpb_column vc_column_container vc_col-sm-4\"><div class=\"vc_column-inner\"><div class=\"wpb_wrapper\">\n\t<div  class=\"wpb_single_image wpb_content_element vc_align_left wpb_content_element  bild_mit_rahmen_allgemein theme-lightbox\">\n\t\t\n\t\t<figure class=\"wpb_wrapper vc_figure\">\n\t\t\t<a href=\"https:\/\/clicksell-photos.de\/wp-content\/uploads\/2021\/03\/IMG-20160515-WA0005-1024x576.jpg\" target=\"_self\" class=\"vc_single_image-wrapper   vc_box_border_grey\"><img decoding=\"async\" width=\"1600\" height=\"900\" src=\"https:\/\/clicksell-photos.de\/wp-content\/uploads\/2021\/03\/IMG-20160515-WA0005.jpg\" class=\"vc_single_image-img attachment-full\" alt=\"\" title=\"Actionshooting\" srcset=\"https:\/\/clicksell-photos.de\/wp-content\/uploads\/2021\/03\/IMG-20160515-WA0005.jpg 1600w, https:\/\/clicksell-photos.de\/wp-content\/uploads\/2021\/03\/IMG-20160515-WA0005-600x338.jpg 600w, https:\/\/clicksell-photos.de\/wp-content\/uploads\/2021\/03\/IMG-20160515-WA0005-300x169.jpg 300w, https:\/\/clicksell-photos.de\/wp-content\/uploads\/2021\/03\/IMG-20160515-WA0005-1024x576.jpg 1024w, https:\/\/clicksell-photos.de\/wp-content\/uploads\/2021\/03\/IMG-20160515-WA0005-768x432.jpg 768w, https:\/\/clicksell-photos.de\/wp-content\/uploads\/2021\/03\/IMG-20160515-WA0005-1536x864.jpg 1536w, https:\/\/clicksell-photos.de\/wp-content\/uploads\/2021\/03\/IMG-20160515-WA0005-1116x628.jpg 1116w, https:\/\/clicksell-photos.de\/wp-content\/uploads\/2021\/03\/IMG-20160515-WA0005-806x453.jpg 806w, https:\/\/clicksell-photos.de\/wp-content\/uploads\/2021\/03\/IMG-20160515-WA0005-558x314.jpg 558w, https:\/\/clicksell-photos.de\/wp-content\/uploads\/2021\/03\/IMG-20160515-WA0005-655x368.jpg 655w\" sizes=\"(max-width: 1600px) 100vw, 1600px\" \/><\/a>\n\t\t<\/figure>\n\t<\/div>\n<div class=\"vc_empty_space\"   style=\"height: 50px\"><span class=\"vc_empty_space_inner\"><\/span><\/div><\/div><\/div><\/div><\/div><\/div><\/div><\/div><\/div><\/div><div class=\"vc-row-container container\"><div class=\"vc_row wpb_row vc_row-fluid\"><div class=\"wpb_column vc_column_container vc_col-sm-12\"><div class=\"vc_column-inner\"><div class=\"wpb_wrapper\"><div class=\"vc_row wpb_row vc_inner vc_row-fluid\"><div class=\"wpb_column vc_column_container vc_col-sm-4\"><div class=\"vc_column-inner\"><div class=\"wpb_wrapper\">\n\t<div  class=\"wpb_single_image wpb_content_element vc_align_left wpb_content_element  bild_mit_rahmen_allgemein theme-lightbox\">\n\t\t\n\t\t<figure class=\"wpb_wrapper vc_figure\">\n\t\t\t<a href=\"https:\/\/clicksell-photos.de\/wp-content\/uploads\/2021\/03\/IMG_5413-1024x768.jpeg\" target=\"_self\" class=\"vc_single_image-wrapper   vc_box_border_grey\"><img decoding=\"async\" width=\"2560\" height=\"1920\" src=\"https:\/\/clicksell-photos.de\/wp-content\/uploads\/2021\/03\/IMG_5413-scaled.jpeg\" class=\"vc_single_image-img attachment-full\" alt=\"\" title=\"Kita-Fotografie\" srcset=\"https:\/\/clicksell-photos.de\/wp-content\/uploads\/2021\/03\/IMG_5413-scaled.jpeg 2560w, https:\/\/clicksell-photos.de\/wp-content\/uploads\/2021\/03\/IMG_5413-600x450.jpeg 600w, https:\/\/clicksell-photos.de\/wp-content\/uploads\/2021\/03\/IMG_5413-300x225.jpeg 300w, https:\/\/clicksell-photos.de\/wp-content\/uploads\/2021\/03\/IMG_5413-1024x768.jpeg 1024w, https:\/\/clicksell-photos.de\/wp-content\/uploads\/2021\/03\/IMG_5413-768x576.jpeg 768w, https:\/\/clicksell-photos.de\/wp-content\/uploads\/2021\/03\/IMG_5413-1536x1152.jpeg 1536w, https:\/\/clicksell-photos.de\/wp-content\/uploads\/2021\/03\/IMG_5413-2048x1536.jpeg 2048w, https:\/\/clicksell-photos.de\/wp-content\/uploads\/2021\/03\/IMG_5413-1612x1209.jpeg 1612w, https:\/\/clicksell-photos.de\/wp-content\/uploads\/2021\/03\/IMG_5413-1116x837.jpeg 1116w, https:\/\/clicksell-photos.de\/wp-content\/uploads\/2021\/03\/IMG_5413-806x605.jpeg 806w, https:\/\/clicksell-photos.de\/wp-content\/uploads\/2021\/03\/IMG_5413-558x419.jpeg 558w, https:\/\/clicksell-photos.de\/wp-content\/uploads\/2021\/03\/IMG_5413-655x491.jpeg 655w\" sizes=\"(max-width: 2560px) 100vw, 2560px\" \/><\/a>\n\t\t<\/figure>\n\t<\/div>\n<\/div><\/div><\/div><div class=\"wpb_column vc_column_container vc_col-sm-8\"><div class=\"vc_column-inner\"><div class=\"wpb_wrapper\">\n\t<div class=\"wpb_text_column wpb_content_element felix_bullets\" id=\"link1\">\n\t\t<div class=\"wpb_wrapper\">\n\t\t\t<h2 style=\"font-size: 22px;\"><strong>Wie sieht es mit Kita- oder Schul-Fotografie aus?<\/strong><\/h2>\n<p>Auch in diesem Umfang bin ich als Fotograf t\u00e4tig. Du bist bei deinem Kindergarten oder deiner Schule daf\u00fcr zust\u00e4ndig? <a href=\"\/en\/kontakt\/\">Dann sprich mich an!<\/a> &#8211; Hier ist mir nur wichtig, dass auch der Gedanke der Nachhaltigkeit mitber\u00fccksichtigt wird.<\/p>\n<p>Ich fertige nicht, wie oft \u00fcblich Mappen an und die Eltern d\u00fcrfen sich \u00fcberlegen, ob sie die Mappe &#8222;nehmen&#8220;. Bei mir l\u00e4uft der Vorgang komplett elektronisch ab und somit werden auch nur die Fotos entwickelt, welche nachher auch eine sch\u00f6ne Verwendung finden.<\/p>\n\n\t\t<\/div>\n\t<\/div>\n<\/div><\/div><\/div><\/div><div class=\"vc_empty_space\"   style=\"height: 50px\"><span class=\"vc_empty_space_inner\"><\/span><\/div><\/div><\/div><\/div><\/div><\/div><div class=\"vc-row-container container\"><div class=\"vc_row wpb_row vc_row-fluid\"><div class=\"wpb_column vc_column_container vc_col-sm-12\"><div class=\"vc_column-inner\"><div class=\"wpb_wrapper\"><div class=\"vc_row wpb_row vc_inner vc_row-fluid\"><div class=\"wpb_column vc_column_container vc_col-sm-12\"><div class=\"vc_column-inner\"><div class=\"wpb_wrapper\">\n\t<div class=\"wpb_text_column wpb_content_element\" >\n\t\t<div class=\"wpb_wrapper\">\n\t\t\t<h1>H\u00e4ufige Fragen, hier direkte Antworten! &#8211; FAQ-BOX<\/h1>\n\n\t\t<\/div>\n\t<\/div>\n\n\t<div class=\"wpb_text_column wpb_content_element felix_bullets\" id=\"link2\">\n\t\t<div class=\"wpb_wrapper\">\n\t\t\t<h2 style=\"font-size: 22px;\"><strong>Was kostet ein guter Fotograf pro Stunde?<\/strong><\/h2>\n<p>Eine Antwort auf diese Frage kann man leider nicht Pauschal beantworten. Viele Kollegen habe imense Kosten f\u00fcr Equipment usw.. Ich hingegen habe mich auf meine Bereiche spezialisiert und dementsprechen f\u00e4llt mein Preis g\u00fcnstiger aus. Ich nehme pro Stunde 45,- \u20ac. Aber oft arbeite ich auch mit Pauschalen! Dies finde ich Fair f\u00fcr alle Seiten.<\/p>\n\n\t\t<\/div>\n\t<\/div>\n<div class=\"vc_empty_space\"   style=\"height: 25px\"><span class=\"vc_empty_space_inner\"><\/span><\/div>\n\t<div class=\"wpb_text_column wpb_content_element felix_bullets\" id=\"link3\">\n\t\t<div class=\"wpb_wrapper\">\n\t\t\t<h2 style=\"font-size: 22px;\"><strong>Wann sollte ich einen Fotografen f\u00fcr eine Hochzeit \/ Event buchen?<\/strong><\/h2>\n<ul>\n<li>So sp\u00e4t wie m\u00f6glich, so fr\u00fch wie n\u00f6tig k\u00f6nnte man denken.<\/li>\n<li>Anfragen w\u00fcrden sich ab dem Moment lohnen, sobald der Termin fest steht.<\/li>\n<li>Ihr werdet bestimmt bei verschienden Hochzeitsfotografen nachfragen und euch das Angebot raussuchen, wo ihr euch mit am wohlsten f\u00fchlt.<\/li>\n<li>Es emfielt sich, so zwei bis drei Monate vorher zu buchen, damit alles save ist.<\/li>\n<\/ul>\n\n\t\t<\/div>\n\t<\/div>\n<div class=\"vc_empty_space\"   style=\"height: 25px\"><span class=\"vc_empty_space_inner\"><\/span><\/div>\n\t<div class=\"wpb_text_column wpb_content_element felix_bullets\" id=\"link4\">\n\t\t<div class=\"wpb_wrapper\">\n\t\t\t<h2 style=\"font-size: 22px;\"><strong>Wie lange sollte ich einen Hochzeitsfotografen buchen?<\/strong><\/h2>\n<p>Das h\u00e4ngt nat\u00fcrlich von dem Programm und Ablauf eurer Hochzeit ab. Jedoch ist meine Empfehlung dabei, dass der Fotograf 30-60 min. vor der Trauung anwesend ist. Dadurch k\u00f6nnen schon sch\u00f6ne Momente eingefangen werden. Nach der Trauung kann man noch mit ca einer Stunde rechnen. Mit Hochzeitsshooting w\u00fcrde ich dann nochmal ein bis zwei Stunden einplanen.<\/p>\n\n\t\t<\/div>\n\t<\/div>\n<div class=\"vc_empty_space\"   style=\"height: 25px\"><span class=\"vc_empty_space_inner\"><\/span><\/div>\n\t<div class=\"wpb_text_column wpb_content_element felix_bullets\" id=\"link5\">\n\t\t<div class=\"wpb_wrapper\">\n\t\t\t<h2 style=\"font-size: 22px;\"><strong>Was kostet ein guter Hochzeitsfotograf?<\/strong><\/h2>\n<p>Ich arbeite als Fotograf bei einer Hochzeit so gut wie immer mit einer Pauschale. Wenn ihr wirklich nur eine oder zwei Stunden, ein paar Aufnahmen, haben m\u00f6chtet geht dies nat\u00fcrlich. Jedoch fangen meine Pauschalen f\u00fcr eine Hochzeit bei 330,- \u20ac an. Die Summe setzt sich aus der Zeit und dem gew\u00fcnschten Umfang zusammen. Fragt einfach nach.<\/p>\n\n\t\t<\/div>\n\t<\/div>\n<div class=\"vc_empty_space\"   style=\"height: 25px\"><span class=\"vc_empty_space_inner\"><\/span><\/div>\n\t<div class=\"wpb_text_column wpb_content_element felix_bullets\" >\n\t\t<div class=\"wpb_wrapper\">\n\t\t\t<h2 style=\"font-size: 22px;\"><strong>Kann ich ein Mehlshooting \u00fcberall machen?<\/strong><\/h2>\n<p>Grunds\u00e4tzlich k\u00f6nnen wir ein Mehlshooting fast \u00fcberall machen. Jedoch ist es empfehlenswert, solch ein Shooting Outdoor durchzuf\u00fchren. Der Mehlstaub kann sich, ab einer gewissen Konzentration entz\u00fcnden. Outdoor sorgt die nat\u00fcrliche Bel\u00fcftung dann daf\u00fcr, dass alles sicher bleibt! Der Punkt &#8222;Sauber machen&#8220;sollte auch in die Planung mit einflie\u00dfen. Ein Garten wird durch Regen besser ges\u00e4ubert, als ein Wohnzimmer. \ud83d\ude09<\/p>\n\n\t\t<\/div>\n\t<\/div>\n<\/div><\/div><\/div><\/div><\/div><\/div><\/div><\/div><\/div><div class=\"vc-row-container container\"><div class=\"vc_row wpb_row vc_row-fluid\"><div class=\"wpb_column vc_column_container vc_col-sm-12\"><div class=\"vc_column-inner\"><div class=\"wpb_wrapper\"><div class=\"vc_empty_space\"   style=\"height: 50px\"><span class=\"vc_empty_space_inner\"><\/span><\/div><div  class=\"wpb_widgetised_column wpb_content_element sidebar\">\n\t\t<div class=\"wpb_wrapper widget-area\">\n\t\t\t\n\t\t\t\n\t\t<\/div>\n\t<\/div>\n<style data-inline-style>.wpb_widgetised_column {--k-h2-color: var(--k-heading-color);--k-sidebar-bg: var(--k-border-color);--k-h2-color-rgb: var(--k-heading-color-rgb);--k-sidebar-bg-rgb: var(--k-border-color-rgb);}<\/style><\/div><\/div><\/div><\/div><\/div>\n<\/div>","protected":false},"excerpt":{"rendered":"Wie arbeite ich? - Ablauf, Beispiele &amp; Informationen Weiter unten auf der Seite habe ich auch eine FAQ-BOX mit \"H\u00e4ufigen Fragen und direkten Antworten!\". F\u00fcr diejenigen, die auf diese Seite gekommen sind um nur diese Antworten zu sehen, hier sind die direkten Links: Was kostet ein guter Fotograf pro Stunde? Wann sollte ich einen Fotografen&hellip;","protected":false},"author":1,"featured_media":11,"parent":0,"menu_order":0,"comment_status":"closed","ping_status":"closed","template":"","meta":{"_acf_changed":false,"footnotes":""},"class_list":["post-7241","page","type-page","status-publish","has-post-thumbnail","hentry"],"acf":[],"_links":{"self":[{"href":"https:\/\/clicksell-photos.de\/en\/wp-json\/wp\/v2\/pages\/7241","targetHints":{"allow":["GET"]}}],"collection":[{"href":"https:\/\/clicksell-photos.de\/en\/wp-json\/wp\/v2\/pages"}],"about":[{"href":"https:\/\/clicksell-photos.de\/en\/wp-json\/wp\/v2\/types\/page"}],"author":[{"embeddable":true,"href":"https:\/\/clicksell-photos.de\/en\/wp-json\/wp\/v2\/users\/1"}],"replies":[{"embeddable":true,"href":"https:\/\/clicksell-photos.de\/en\/wp-json\/wp\/v2\/comments?post=7241"}],"version-history":[{"count":0,"href":"https:\/\/clicksell-photos.de\/en\/wp-json\/wp\/v2\/pages\/7241\/revisions"}],"wp:featuredmedia":[{"embeddable":true,"href":"https:\/\/clicksell-photos.de\/en\/wp-json\/wp\/v2\/media\/11"}],"wp:attachment":[{"href":"https:\/\/clicksell-photos.de\/en\/wp-json\/wp\/v2\/media?parent=7241"}],"curies":[{"name":"wp","href":"https:\/\/api.w.org\/{rel}","templated":true}]}}