{"id":7849,"date":"2023-09-08T06:46:52","date_gmt":"2023-09-08T06:46:52","guid":{"rendered":"https:\/\/dreamstyle.photos\/?post_type=product&#038;p=7849"},"modified":"2025-01-06T10:11:25","modified_gmt":"2025-01-06T10:11:25","slug":"einzelbild-digital","status":"publish","type":"product","link":"https:\/\/clicksell-photos.de\/en\/product\/einzelbild-digital\/","title":{"rendered":"DEMO: Einzelne Fotos (Digital)"},"content":{"rendered":"","protected":false},"excerpt":{"rendered":"<h3><span style=\"color: #ff0000;\"><span style=\"color: #000000;\">Please use for a test:<\/span> <strong>testcode321<\/strong><\/span><\/h3>\n<p>Bei diesem Produkt k\u00f6nnen eine beliebige Anzahl an Fotos ausgew\u00e4hlt werden. Wenn z.B. das Produkt 2,50 \u20ac kostet und 3 Fotos ausgew\u00e4hlt werden, erh\u00f6ht sich die Menge auf 3 und der Preis betr\u00e4gt dann 7,50 \u20ac.<\/p>\n[casp_client_album]","protected":false},"featured_media":6801,"comment_status":"closed","ping_status":"closed","template":"","meta":{"_acf_changed":false},"product_brand":[],"product_cat":[15],"product_tag":[],"class_list":{"0":"post-7849","1":"product","2":"type-product","3":"status-publish","4":"has-post-thumbnail","6":"product_cat-fotos","8":"first","9":"instock","10":"downloadable","11":"shipping-taxable","12":"purchasable","13":"product-type-simple"},"acf":[],"_links":{"self":[{"href":"https:\/\/clicksell-photos.de\/en\/wp-json\/wp\/v2\/product\/7849","targetHints":{"allow":["GET"]}}],"collection":[{"href":"https:\/\/clicksell-photos.de\/en\/wp-json\/wp\/v2\/product"}],"about":[{"href":"https:\/\/clicksell-photos.de\/en\/wp-json\/wp\/v2\/types\/product"}],"replies":[{"embeddable":true,"href":"https:\/\/clicksell-photos.de\/en\/wp-json\/wp\/v2\/comments?post=7849"}],"wp:featuredmedia":[{"embeddable":true,"href":"https:\/\/clicksell-photos.de\/en\/wp-json\/wp\/v2\/media\/6801"}],"wp:attachment":[{"href":"https:\/\/clicksell-photos.de\/en\/wp-json\/wp\/v2\/media?parent=7849"}],"wp:term":[{"taxonomy":"product_brand","embeddable":true,"href":"https:\/\/clicksell-photos.de\/en\/wp-json\/wp\/v2\/product_brand?post=7849"},{"taxonomy":"product_cat","embeddable":true,"href":"https:\/\/clicksell-photos.de\/en\/wp-json\/wp\/v2\/product_cat?post=7849"},{"taxonomy":"product_tag","embeddable":true,"href":"https:\/\/clicksell-photos.de\/en\/wp-json\/wp\/v2\/product_tag?post=7849"}],"curies":[{"name":"wp","href":"https:\/\/api.w.org\/{rel}","templated":true}]}}