{"id":7851,"date":"2023-09-08T06:50:48","date_gmt":"2023-09-08T06:50:48","guid":{"rendered":"https:\/\/dreamstyle.photos\/?post_type=product&#038;p=7851"},"modified":"2025-01-06T10:11:33","modified_gmt":"2025-01-06T10:11:33","slug":"einzelbild-print","status":"publish","type":"product","link":"https:\/\/clicksell-photos.de\/en\/product\/einzelbild-print\/","title":{"rendered":"DEMO: Einzelne Fotos (Print)"},"content":{"rendered":"","protected":false},"excerpt":{"rendered":"<h3>Please use for a test: <span style=\"color: #ff0000;\"><strong>testcode321<\/strong><\/span><\/h3>\n<p>Bei diesem Produkt k\u00f6nnen eine beliebige Anzahl an Fotos ausgew\u00e4hlt werden. Wenn z.B. das Produkt 2,50 \u20ac kostet und 3 Fotos ausgew\u00e4hlt werden, erh\u00f6ht sich die Menge auf 3 und der Preis betr\u00e4gt dann 7,50 \u20ac.<\/p>\n<p><strong><span style=\"color: #ff0000;\">Dieses Produkt ist nur eine Demo f\u00fcr unser Click&amp;Sell Photos Plugin<br \/>\n<\/span><span style=\"color: #ff0000;\">Print-Foto-Bestellungen werden nicht ausgef\u00fchrt!<\/span><\/strong><\/p>\n<p>&nbsp;<\/p>\n[casp_client_album]","protected":false},"featured_media":6792,"comment_status":"closed","ping_status":"closed","template":"","meta":{"_acf_changed":false},"product_brand":[],"product_cat":[15],"product_tag":[],"class_list":{"0":"post-7851","1":"product","2":"type-product","3":"status-publish","4":"has-post-thumbnail","6":"product_cat-fotos","8":"first","9":"instock","10":"shipping-taxable","11":"purchasable","12":"product-type-simple"},"acf":[],"_links":{"self":[{"href":"https:\/\/clicksell-photos.de\/en\/wp-json\/wp\/v2\/product\/7851","targetHints":{"allow":["GET"]}}],"collection":[{"href":"https:\/\/clicksell-photos.de\/en\/wp-json\/wp\/v2\/product"}],"about":[{"href":"https:\/\/clicksell-photos.de\/en\/wp-json\/wp\/v2\/types\/product"}],"replies":[{"embeddable":true,"href":"https:\/\/clicksell-photos.de\/en\/wp-json\/wp\/v2\/comments?post=7851"}],"wp:featuredmedia":[{"embeddable":true,"href":"https:\/\/clicksell-photos.de\/en\/wp-json\/wp\/v2\/media\/6792"}],"wp:attachment":[{"href":"https:\/\/clicksell-photos.de\/en\/wp-json\/wp\/v2\/media?parent=7851"}],"wp:term":[{"taxonomy":"product_brand","embeddable":true,"href":"https:\/\/clicksell-photos.de\/en\/wp-json\/wp\/v2\/product_brand?post=7851"},{"taxonomy":"product_cat","embeddable":true,"href":"https:\/\/clicksell-photos.de\/en\/wp-json\/wp\/v2\/product_cat?post=7851"},{"taxonomy":"product_tag","embeddable":true,"href":"https:\/\/clicksell-photos.de\/en\/wp-json\/wp\/v2\/product_tag?post=7851"}],"curies":[{"name":"wp","href":"https:\/\/api.w.org\/{rel}","templated":true}]}}